{"id":324,"date":"2019-02-12T01:29:05","date_gmt":"2019-02-12T01:29:05","guid":{"rendered":"https:\/\/betonpeople.co.ao\/my-account\/"},"modified":"2022-09-02T04:55:22","modified_gmt":"2022-09-02T03:55:22","slug":"my-account","status":"publish","type":"page","link":"https:\/\/betonpeople.co.ao\/pt_ao\/my-account\/","title":{"rendered":"My Account"},"content":{"rendered":"\t\t<div data-elementor-type=\"wp-post\" data-elementor-id=\"324\" class=\"elementor elementor-324\" data-elementor-post-type=\"page\">\n\t\t\t\t\t\t<section class=\"elementor-section elementor-top-section elementor-element elementor-element-709f872 elementor-section-boxed elementor-section-height-default elementor-section-height-default\" data-id=\"709f872\" data-element_type=\"section\" data-settings=\"{&quot;background_background&quot;:&quot;gradient&quot;}\">\n\t\t\t\t\t\t\t<div class=\"elementor-background-overlay\"><\/div>\n\t\t\t\t\t\t\t<div class=\"elementor-container elementor-column-gap-default\">\n\t\t\t\t\t<div class=\"elementor-column elementor-col-100 elementor-top-column elementor-element elementor-element-f67ae7b\" data-id=\"f67ae7b\" data-element_type=\"column\">\n\t\t\t<div class=\"elementor-widget-wrap elementor-element-populated\">\n\t\t\t\t\t\t<div class=\"elementor-element elementor-element-7785f9e elementor-position-top elementor-widget elementor-widget-image-box\" data-id=\"7785f9e\" data-element_type=\"widget\" data-widget_type=\"image-box.default\">\n\t\t\t\t<div class=\"elementor-widget-container\">\n\t\t\t<style>\/*! elementor - v3.20.0 - 20-03-2024 *\/\n.elementor-widget-image-box .elementor-image-box-content{width:100%}@media (min-width:768px){.elementor-widget-image-box.elementor-position-left .elementor-image-box-wrapper,.elementor-widget-image-box.elementor-position-right .elementor-image-box-wrapper{display:flex}.elementor-widget-image-box.elementor-position-right .elementor-image-box-wrapper{text-align:right;flex-direction:row-reverse}.elementor-widget-image-box.elementor-position-left .elementor-image-box-wrapper{text-align:left;flex-direction:row}.elementor-widget-image-box.elementor-position-top .elementor-image-box-img{margin:auto}.elementor-widget-image-box.elementor-vertical-align-top .elementor-image-box-wrapper{align-items:flex-start}.elementor-widget-image-box.elementor-vertical-align-middle .elementor-image-box-wrapper{align-items:center}.elementor-widget-image-box.elementor-vertical-align-bottom .elementor-image-box-wrapper{align-items:flex-end}}@media (max-width:767px){.elementor-widget-image-box .elementor-image-box-img{margin-left:auto!important;margin-right:auto!important;margin-bottom:15px}}.elementor-widget-image-box .elementor-image-box-img{display:inline-block}.elementor-widget-image-box .elementor-image-box-title a{color:inherit}.elementor-widget-image-box .elementor-image-box-wrapper{text-align:center}.elementor-widget-image-box .elementor-image-box-description{margin:0}<\/style><div class=\"elementor-image-box-wrapper\"><figure class=\"elementor-image-box-img\"><img fetchpriority=\"high\" decoding=\"async\" width=\"1280\" height=\"1280\" src=\"https:\/\/betonpeople.co.ao\/wp-content\/uploads\/2021\/02\/virtual-learning-training-5663279.jpg\" class=\"attachment-full size-full wp-image-25441\" alt=\"virtual, learning, training\" srcset=\"https:\/\/betonpeople.co.ao\/wp-content\/uploads\/2021\/02\/virtual-learning-training-5663279.jpg 1280w, https:\/\/betonpeople.co.ao\/wp-content\/uploads\/2021\/02\/virtual-learning-training-5663279-300x300.jpg 300w, https:\/\/betonpeople.co.ao\/wp-content\/uploads\/2021\/02\/virtual-learning-training-5663279-1024x1024.jpg 1024w, https:\/\/betonpeople.co.ao\/wp-content\/uploads\/2021\/02\/virtual-learning-training-5663279-150x150.jpg 150w, https:\/\/betonpeople.co.ao\/wp-content\/uploads\/2021\/02\/virtual-learning-training-5663279-768x768.jpg 768w, https:\/\/betonpeople.co.ao\/wp-content\/uploads\/2021\/02\/virtual-learning-training-5663279-600x600.jpg 600w, https:\/\/betonpeople.co.ao\/wp-content\/uploads\/2021\/02\/virtual-learning-training-5663279-100x100.jpg 100w\" sizes=\"(max-width: 1280px) 100vw, 1280px\" \/><\/figure><div class=\"elementor-image-box-content\"><h1 class=\"elementor-image-box-title\">Bem-vindo \u00e0 BET ON PEOPLE<\/h1><p class=\"elementor-image-box-description\">A nossa plataforma de ensino \u00e0 dist\u00e2ncia, criada a partir dos modelos de aprendizagem mais modernos e eficazes da actualidade.<\/p><\/div><\/div>\t\t<\/div>\n\t\t\t\t<\/div>\n\t\t\t\t\t<\/div>\n\t\t<\/div>\n\t\t\t\t\t<\/div>\n\t\t<\/section>\n\t\t\t\t<section class=\"elementor-section elementor-top-section elementor-element elementor-element-e6d3c76 elementor-section-content-middle elementor-section-boxed elementor-section-height-default elementor-section-height-default\" data-id=\"e6d3c76\" data-element_type=\"section\" data-settings=\"{&quot;background_background&quot;:&quot;classic&quot;}\">\n\t\t\t\t\t\t<div class=\"elementor-container elementor-column-gap-default\">\n\t\t\t\t\t<div class=\"elementor-column elementor-col-100 elementor-top-column elementor-element elementor-element-681449d5\" data-id=\"681449d5\" data-element_type=\"column\">\n\t\t\t<div class=\"elementor-widget-wrap elementor-element-populated\">\n\t\t\t\t\t\t<div class=\"elementor-element elementor-element-1726973e elementor-widget elementor-widget-shortcode\" data-id=\"1726973e\" data-element_type=\"widget\" data-no-translation=\"\" data-widget_type=\"shortcode.default\">\n\t\t\t\t<div class=\"elementor-widget-container\">\n\t\t\t\t\t<div class=\"elementor-shortcode\">\n\t\t\t<p>Por favor, tente fazer o login no site para acessar o painel. O painel est\u00e1 desativado para membros que efetuam logout.\n<\/p>\n\t\t\t<\/div>\n\t\t\t\t<\/div>\n\t\t\t\t<\/div>\n\t\t\t\t<div class=\"elementor-element elementor-element-d7b674a elementor-widget elementor-widget-shortcode\" data-id=\"d7b674a\" data-element_type=\"widget\" data-widget_type=\"shortcode.default\">\n\t\t\t\t<div class=\"elementor-widget-container\">\n\t\t\t\t\t<div class=\"elementor-shortcode\"><div class=\"learndash-wrapper\"><a class=\"ld-login ld-login ld-login-text ld-login-button ld-button\" href=\"#login\"><span class=\"ld-icon ld-icon-login ld-icon-left\"><\/span>Login<\/a><\/div><\/div>\n\t\t\t\t<\/div>\n\t\t\t\t<\/div>\n\t\t\t\t\t<\/div>\n\t\t<\/div>\n\t\t\t\t\t<\/div>\n\t\t<\/section>\n\t\t\t\t<\/div>\n\t\t","protected":false},"excerpt":{"rendered":"<p>Bem-vindo \u00e0 BET ON PEOPLE A nossa plataforma de ensino \u00e0 dist\u00e2ncia, criada a partir dos modelos de aprendizagem mais modernos e eficazes da actualidade.<\/p>\n","protected":false},"author":1890,"featured_media":0,"parent":0,"menu_order":0,"comment_status":"closed","ping_status":"closed","template":"","meta":{"_acf_changed":false,"footnotes":""},"class_list":["post-324","page","type-page","status-publish","hentry"],"acf":[],"jetpack_sharing_enabled":true,"_links":{"self":[{"href":"https:\/\/betonpeople.co.ao\/pt_ao\/wp-json\/wp\/v2\/pages\/324","targetHints":{"allow":["GET"]}}],"collection":[{"href":"https:\/\/betonpeople.co.ao\/pt_ao\/wp-json\/wp\/v2\/pages"}],"about":[{"href":"https:\/\/betonpeople.co.ao\/pt_ao\/wp-json\/wp\/v2\/types\/page"}],"author":[{"embeddable":true,"href":"https:\/\/betonpeople.co.ao\/pt_ao\/wp-json\/wp\/v2\/users\/1890"}],"replies":[{"embeddable":true,"href":"https:\/\/betonpeople.co.ao\/pt_ao\/wp-json\/wp\/v2\/comments?post=324"}],"version-history":[{"count":72,"href":"https:\/\/betonpeople.co.ao\/pt_ao\/wp-json\/wp\/v2\/pages\/324\/revisions"}],"predecessor-version":[{"id":34690,"href":"https:\/\/betonpeople.co.ao\/pt_ao\/wp-json\/wp\/v2\/pages\/324\/revisions\/34690"}],"wp:attachment":[{"href":"https:\/\/betonpeople.co.ao\/pt_ao\/wp-json\/wp\/v2\/media?parent=324"}],"curies":[{"name":"wp","href":"https:\/\/api.w.org\/{rel}","templated":true}]}}